{"id":64,"date":"2025-12-13T05:08:24","date_gmt":"2025-12-13T04:08:24","guid":{"rendered":"https:\/\/www.krassundkauzig.de\/?page_id=64"},"modified":"2025-12-31T02:20:36","modified_gmt":"2025-12-31T01:20:36","slug":"die-knalltueten","status":"publish","type":"page","link":"https:\/\/www.krassundkauzig.de\/index.php\/die-knalltueten\/","title":{"rendered":"Die Knallt\u00fcten"},"content":{"rendered":"\n<p>Hinter dem komischen Krimiduo Krass &amp; Kauzig stehen <a href=\"https:\/\/www.toedliche-texte.de\" data-type=\"link\" data-id=\"https:\/\/www.toedliche-texte.de\">Christiane Bogenstahl<\/a> (bekannt f\u00fcr freche Krimis voller Ruhrpott- Anmut) und <a href=\"https:\/\/www.herbert-knorr.de\/\" data-type=\"link\" data-id=\"https:\/\/www.herbert-knorr.de\/\">Herbert Knorr<\/a> (Mitbegr\u00fcnder von \u201eMord am Hellweg\u201c und Spezialist f\u00fcr schr\u00e4gen Humor). <\/p>\n\n\n\n<figure class=\"wp-block-gallery has-nested-images columns-default is-cropped wp-block-gallery-1 is-layout-flex wp-block-gallery-is-layout-flex\">\n<figure class=\"wp-block-image size-large\"><img fetchpriority=\"high\" decoding=\"async\" width=\"682\" height=\"1024\" data-id=\"18\" src=\"http:\/\/www.krassundkauzig.de\/wp-content\/uploads\/2025\/11\/IMG_0301-682x1024.jpg\" alt=\"Foto: Herr Kauzig\" class=\"wp-image-18\" srcset=\"https:\/\/www.krassundkauzig.de\/wp-content\/uploads\/2025\/11\/IMG_0301-682x1024.jpg 682w, https:\/\/www.krassundkauzig.de\/wp-content\/uploads\/2025\/11\/IMG_0301-200x300.jpg 200w, https:\/\/www.krassundkauzig.de\/wp-content\/uploads\/2025\/11\/IMG_0301-768x1152.jpg 768w, https:\/\/www.krassundkauzig.de\/wp-content\/uploads\/2025\/11\/IMG_0301-1024x1536.jpg 1024w, https:\/\/www.krassundkauzig.de\/wp-content\/uploads\/2025\/11\/IMG_0301.jpg 1333w\" sizes=\"(max-width: 682px) 100vw, 682px\" \/><figcaption class=\"wp-element-caption\">Herbert Knorr alias Herr Kauzig<br>Foto: Boris Goroncy<\/figcaption><\/figure>\n\n\n\n<figure class=\"wp-block-image size-large\"><img decoding=\"async\" width=\"682\" height=\"1024\" data-id=\"22\" src=\"http:\/\/www.krassundkauzig.de\/wp-content\/uploads\/2025\/11\/IMG_0296-682x1024.jpg\" alt=\"Foto: Frau Krass\" class=\"wp-image-22\" srcset=\"https:\/\/www.krassundkauzig.de\/wp-content\/uploads\/2025\/11\/IMG_0296-682x1024.jpg 682w, https:\/\/www.krassundkauzig.de\/wp-content\/uploads\/2025\/11\/IMG_0296-200x300.jpg 200w, https:\/\/www.krassundkauzig.de\/wp-content\/uploads\/2025\/11\/IMG_0296-768x1152.jpg 768w, https:\/\/www.krassundkauzig.de\/wp-content\/uploads\/2025\/11\/IMG_0296-1024x1536.jpg 1024w, https:\/\/www.krassundkauzig.de\/wp-content\/uploads\/2025\/11\/IMG_0296.jpg 1333w\" sizes=\"(max-width: 682px) 100vw, 682px\" \/><figcaption class=\"wp-element-caption\">Christiane Bogenstahl alias Frau Krass<br>Foto: Boris Goroncy<\/figcaption><\/figure>\n<\/figure>\n\n\n\n<p><strong>Die Idee hinter unserem Auftritt<\/strong>: Zwei erfolglose Literatinnen werden von ihrem Verlag zu einer gemeinsamen Lesetour verdonnert, um ihre Storys an den Mann bzw. an die Frau zu bringen. Das Problem: Die beiden k\u00f6nnen sich nicht ausstehen und konkurrieren gegeneinander. Sie ist schrill, bunt, feministisch und Veganerin und total \u00fcberzeugt von sich \u2013 &nbsp;er liebt Fleisch und Flaschenbier und h\u00e4lt sich f\u00fcr ein verkanntes, daf\u00fcr umso charmanteres Genie. Wenn solche Gegens\u00e4tze aufeinandertreffen, kann es explosiv werden. Noch dazu, wenn beide aus dem Ruhrpott kommen.<\/p>\n\n\n\n<p><\/p>\n","protected":false},"excerpt":{"rendered":"<p>Hinter dem komischen Krimiduo Krass &amp; Kauzig stehen Christiane Bogenstahl (bekannt f\u00fcr freche Krimis voller Ruhrpott- Anmut) und Herbert Knorr (Mitbegr\u00fcnder von \u201eMord am Hellweg\u201c und Spezialist f\u00fcr schr\u00e4gen Humor). &#8230; <a title=\"Die Knallt\u00fcten\" class=\"read-more\" href=\"https:\/\/www.krassundkauzig.de\/index.php\/die-knalltueten\/\">Read more<span class=\"screen-reader-text\">Die Knallt\u00fcten<\/span><\/a><\/p>\n","protected":false},"author":1,"featured_media":0,"parent":0,"menu_order":0,"comment_status":"closed","ping_status":"closed","template":"","meta":{"footnotes":""},"class_list":["post-64","page","type-page","status-publish"],"_links":{"self":[{"href":"https:\/\/www.krassundkauzig.de\/index.php\/wp-json\/wp\/v2\/pages\/64","targetHints":{"allow":["GET"]}}],"collection":[{"href":"https:\/\/www.krassundkauzig.de\/index.php\/wp-json\/wp\/v2\/pages"}],"about":[{"href":"https:\/\/www.krassundkauzig.de\/index.php\/wp-json\/wp\/v2\/types\/page"}],"author":[{"embeddable":true,"href":"https:\/\/www.krassundkauzig.de\/index.php\/wp-json\/wp\/v2\/users\/1"}],"replies":[{"embeddable":true,"href":"https:\/\/www.krassundkauzig.de\/index.php\/wp-json\/wp\/v2\/comments?post=64"}],"version-history":[{"count":5,"href":"https:\/\/www.krassundkauzig.de\/index.php\/wp-json\/wp\/v2\/pages\/64\/revisions"}],"predecessor-version":[{"id":113,"href":"https:\/\/www.krassundkauzig.de\/index.php\/wp-json\/wp\/v2\/pages\/64\/revisions\/113"}],"wp:attachment":[{"href":"https:\/\/www.krassundkauzig.de\/index.php\/wp-json\/wp\/v2\/media?parent=64"}],"curies":[{"name":"wp","href":"https:\/\/api.w.org\/{rel}","templated":true}]}}